{"id":6,"date":"2023-08-10T05:38:03","date_gmt":"2023-08-10T04:38:03","guid":{"rendered":"https:\/\/daloji.com\/es\/?page_id=6"},"modified":"2024-09-29T13:47:07","modified_gmt":"2024-09-29T11:47:07","slug":"sobre-mi","status":"publish","type":"page","link":"https:\/\/daloji.com\/es\/sobre-mi\/","title":{"rendered":"Sobre m\u00ed: DALOJI"},"content":{"rendered":"\n<p style=\"font-size:clamp(22.041px, 1.378rem + ((1vw - 3.2px) * 1.026), 36px);\"><mark style=\"background-color:rgba(0, 0, 0, 0)\" class=\"has-inline-color has-primary-color\">Transformaci\u00f3n a trav\u00e9s de la tecnolog\u00eda: Automatizaci\u00f3n con un prop\u00f3sito<\/mark><\/p>\n\n\n\n<div class=\"wp-block-columns is-layout-flex wp-container-core-columns-is-layout-28f84493 wp-block-columns-is-layout-flex\">\n<div class=\"wp-block-column is-layout-flow wp-block-column-is-layout-flow\">\n<figure class=\"wp-block-image size-full is-resized has-custom-border is-style-default wp-duotone-unset-1\"><img loading=\"lazy\" decoding=\"async\" width=\"269\" height=\"269\" src=\"http:\/\/daloji.com\/wp-content\/uploads\/2023\/08\/David-lopez-daloji.png\" alt=\"\" class=\"wp-image-41\" style=\"border-style:none;border-width:0px;border-radius:20px;width:309px;height:auto\" srcset=\"https:\/\/daloji.com\/es\/wp-content\/uploads\/sites\/2\/2023\/08\/David-lopez-daloji.png 269w, https:\/\/daloji.com\/es\/wp-content\/uploads\/sites\/2\/2023\/08\/David-lopez-daloji-150x150.png 150w\" sizes=\"auto, (max-width: 269px) 100vw, 269px\" \/><\/figure>\n<\/div>\n\n\n\n<div class=\"wp-block-column is-layout-flow wp-block-column-is-layout-flow\" style=\"border-style:none;border-width:0px\">\n<p>\u00a1Hola! Soy David,<\/p>\n\n\n\n<p>Mi verdadera pasi\u00f3n est\u00e1 en la <strong>intersecci\u00f3n entre la tecnolog\u00eda y la evoluci\u00f3n humana<\/strong>, en entender c\u00f3mo las herramientas digitales, cuando se usan con intenci\u00f3n, pueden transformar no solo los negocios, sino tambi\u00e9n nuestra manera de vivir y conectarnos entre nosotros.<\/p>\n<\/div>\n<\/div>\n\n\n\n<p>Durante a\u00f1os, he trabajado junto a empresas que buscan no solo optimizar sus operaciones, sino tambi\u00e9n encontrar formas de <strong>amplificar su impacto<\/strong> a trav\u00e9s de la automatizaci\u00f3n e integraci\u00f3n tecnol\u00f3gica.<\/p>\n\n\n\n<p><mark style=\"background-color:rgba(0, 0, 0, 0)\" class=\"has-inline-color has-primary-color\">No se trata solo de hacer m\u00e1s con menos<\/mark>, sino de aprovechar la tecnolog\u00eda para <strong>liberar tiempo<\/strong> y <strong>desatar la energ\u00eda creativa<\/strong>, permitiendo a las personas enfocarse en lo que realmente importa: estrategia, visi\u00f3n y conexiones significativas con sus clientes.<\/p>\n\n\n\n<h2 class=\"wp-block-heading has-heading-4-font-size\"><strong><mark style=\"background-color:rgba(0, 0, 0, 0)\" class=\"has-inline-color has-primary-color\">Un viaje de la tradici\u00f3n a la innovaci\u00f3n<\/mark><\/strong><\/h2>\n\n\n\n<p>Mi carrera comenz\u00f3 en un campo muy estructurado: el Derecho, donde la l\u00f3gica y el an\u00e1lisis dominan. Sin embargo, pronto me di cuenta de que mi verdadera vocaci\u00f3n estaba en <strong>c\u00f3mo la tecnolog\u00eda pod\u00eda acelerar el crecimiento tanto personal como profesional<\/strong>.<\/p>\n\n\n\n<p>Este descubrimiento me llev\u00f3 a dejar el camino tradicional y embarcarme en el din\u00e1mico mundo de la <strong>automatizaci\u00f3n de marketing<\/strong> y la <strong>transformaci\u00f3n digital<\/strong>.<\/p>\n\n\n\n<p>Lo que empez\u00f3 como una curiosidad por la automatizaci\u00f3n se convirti\u00f3 en una misi\u00f3n: ayudar a las empresas a <strong>desbloquear su m\u00e1ximo potencial<\/strong> en un mundo donde el ritmo del cambio es imparable. Aunque me especializo en plataformas como Marketo, mi enfoque va m\u00e1s all\u00e1 de cualquier herramienta espec\u00edfica.<\/p>\n\n\n\n<blockquote class=\"wp-block-quote is-layout-flow wp-block-quote-is-layout-flow\">\n<p>Mi objetivo es proporcionar <strong>soluciones integrales<\/strong> que unan la <strong>tecnolog\u00eda<\/strong> y la <strong>estrategia empresarial<\/strong> para generar un impacto duradero.<\/p>\n<\/blockquote>\n\n\n\n<p><\/p>\n\n\n\n<p><\/p>\n\n\n\n<p class=\"has-heading-3-font-size\"><strong><mark style=\"background-color:rgba(0, 0, 0, 0)\" class=\"has-inline-color has-tertiary-color\">De la eficiencia a la evoluci\u00f3n<\/mark><\/strong><\/p>\n\n\n\n<p>Mi enfoque en la tecnolog\u00eda va m\u00e1s all\u00e1 de lo t\u00e9cnico.<\/p>\n\n\n\n<p>Busco <strong>humanizar los procesos automatizados<\/strong>, utilizando la tecnolog\u00eda como un medio para <strong>amplificar el impacto<\/strong> sin sacrificar el toque personal.<\/p>\n\n\n\n<p>En cada proyecto que lidero, llevo conmigo esta visi\u00f3n:<\/p>\n\n\n\n<blockquote class=\"wp-block-quote is-layout-flow wp-block-quote-is-layout-flow\">\n<p>La tecnolog\u00eda no es el objetivo final, sino el <strong>veh\u00edculo<\/strong> a trav\u00e9s del cual las personas y las empresas pueden <strong>evolucionar<\/strong> y prosperar en el mundo acelerado de hoy.<\/p>\n<\/blockquote>\n\n\n\n<p><\/p>\n\n\n\n<p class=\"has-heading-4-font-size\"><strong><mark style=\"background-color:rgba(0, 0, 0, 0)\" class=\"has-inline-color has-secondary-color\">Multiling\u00fce y multimercado: Expandiendo horizontes<\/mark><\/strong><\/p>\n\n\n\n<p>Hablar fluidamente ingl\u00e9s, espa\u00f1ol e italiano me ha permitido conectar con mercados diversos y liderar equipos internacionales.<\/p>\n\n\n\n<p>Esta capacidad multiling\u00fce me permite ofrecer soluciones que no solo son t\u00e9cnicamente s\u00f3lidas, sino tambi\u00e9n profundamente ajustadas a las <strong>realidades culturales y comerciales<\/strong> de cada regi\u00f3n.<\/p>\n\n\n\n<blockquote class=\"wp-block-quote is-layout-flow wp-block-quote-is-layout-flow\">\n<p>Mi objetivo es dise\u00f1ar estrategias personalizadas donde la automatizaci\u00f3n no sea solo una herramienta de eficiencia, sino una <strong>fuente de inspiraci\u00f3n y crecimiento<\/strong> para cada negocio.<\/p>\n<\/blockquote>\n\n\n\n<p><\/p>\n\n\n\n<hr class=\"wp-block-separator has-alpha-channel-opacity\"\/>\n\n\n\n<p class=\"has-primary-color has-text-color has-link-color has-large-font-size wp-elements-77e3159a33767eae913552afb00d12ae\"><strong>Fundando DALOJI: <\/strong><\/p>\n\n\n\n<p class=\"has-primary-color has-text-color has-link-color has-large-font-size wp-elements-be3d2362d862209137878de62ccc4cdc\"><strong>Un movimiento hacia la simplicidad y el \u00e9xito<\/strong><\/p>\n\n\n\n<p>Cre\u00e9 DALOJI con una misi\u00f3n clara: <strong>empoderar a las empresas<\/strong> haciendo que la automatizaci\u00f3n del marketing sea tanto <strong>accesible<\/strong> como <strong>transformadora<\/strong>.<\/p>\n\n\n\n<p>Creemos que la tecnolog\u00eda no solo debe simplificar procesos, sino tambi\u00e9n ayudar a las personas a <strong>recuperar su tiempo<\/strong> y <strong>reconectar con sus valores<\/strong>.<\/p>\n\n\n\n<blockquote class=\"wp-block-quote is-style-default has-quaternary-background-color has-background is-layout-flow wp-block-quote-is-layout-flow\">\n<p><\/p>\n<\/blockquote>\n\n\n\n<p class=\"has-background-color has-text-color has-link-color wp-elements-271e1c5de9b80e1aa13e7bf8e4900b75\">En un mundo abrumado por la complejidad, lo que realmente marca la diferencia es <strong>c\u00f3mo<\/strong> utilizamos la tecnolog\u00eda para <strong>crear conexiones significativas<\/strong> y <strong>construir un futuro m\u00e1s consciente<\/strong>.<\/p>\n\n\n\n<p class=\"has-background-color has-text-color has-link-color wp-elements-a911c1e84d24e6faf78292314ec0274f\"><\/p>\n\n\n<p class=\"wp-block-site-tagline\">Empod\u00e9rate Con La Tecnolog\u00eda<\/p>\n\n\n<figure class=\"wp-block-image aligncenter size-large is-resized has-custom-border\"><img decoding=\"async\" src=\"https:\/\/daloji.com\/es\/wp-content\/uploads\/sites\/2\/2023\/08\/DavidSignedIT.png\" alt=\"\" style=\"border-style:none;border-width:0px;border-radius:0px;width:237px;height:auto\"\/><\/figure>\n","protected":false},"excerpt":{"rendered":"<p>Transformaci\u00f3n a trav\u00e9s de la tecnolog\u00eda: Automatizaci\u00f3n con un prop\u00f3sito \u00a1Hola! Soy David, Mi verdadera pasi\u00f3n est\u00e1 en la intersecci\u00f3n entre la tecnolog\u00eda y la evoluci\u00f3n humana, en entender c\u00f3mo las herramientas digitales, cuando se usan con intenci\u00f3n, pueden transformar no solo los negocios, sino tambi\u00e9n nuestra manera de vivir y conectarnos entre nosotros. Durante [&hellip;]<\/p>\n","protected":false},"author":1,"featured_media":0,"parent":0,"menu_order":0,"comment_status":"closed","ping_status":"closed","template":"","meta":{"footnotes":""},"class_list":["post-6","page","type-page","status-publish","hentry"],"_links":{"self":[{"href":"https:\/\/daloji.com\/es\/wp-json\/wp\/v2\/pages\/6","targetHints":{"allow":["GET"]}}],"collection":[{"href":"https:\/\/daloji.com\/es\/wp-json\/wp\/v2\/pages"}],"about":[{"href":"https:\/\/daloji.com\/es\/wp-json\/wp\/v2\/types\/page"}],"author":[{"embeddable":true,"href":"https:\/\/daloji.com\/es\/wp-json\/wp\/v2\/users\/1"}],"replies":[{"embeddable":true,"href":"https:\/\/daloji.com\/es\/wp-json\/wp\/v2\/comments?post=6"}],"version-history":[{"count":47,"href":"https:\/\/daloji.com\/es\/wp-json\/wp\/v2\/pages\/6\/revisions"}],"predecessor-version":[{"id":555,"href":"https:\/\/daloji.com\/es\/wp-json\/wp\/v2\/pages\/6\/revisions\/555"}],"wp:attachment":[{"href":"https:\/\/daloji.com\/es\/wp-json\/wp\/v2\/media?parent=6"}],"curies":[{"name":"wp","href":"https:\/\/api.w.org\/{rel}","templated":true}]}}