{"id":13,"date":"2023-08-10T05:49:16","date_gmt":"2023-08-10T04:49:16","guid":{"rendered":"https:\/\/daloji.com\/es\/?page_id=13"},"modified":"2023-09-07T08:17:25","modified_gmt":"2023-09-07T06:17:25","slug":"herramientas","status":"publish","type":"page","link":"https:\/\/daloji.com\/es\/herramientas\/","title":{"rendered":"Herramientas"},"content":{"rendered":"\n<h2 class=\"wp-block-heading has-text-align-center\">Herramientas de <mark style=\"background-color:rgba(0, 0, 0, 0)\" class=\"has-inline-color has-primary-color\">Desarrollo <\/mark>Digital<\/h2>\n\n\n\n<div class=\"wp-block-columns alignwide is-layout-flex wp-container-core-columns-is-layout-d2da2050 wp-block-columns-is-layout-flex\" style=\"margin-bottom:0\">\n<div class=\"wp-block-column has-text-color has-background has-link-color wp-elements-7a79a0c8e022b356b3ca7854e31e9261 is-layout-flow wp-block-column-is-layout-flow\" style=\"color:#000000;background-color:#ffe97d;padding-top:2em;padding-right:2em;padding-bottom:2em;padding-left:2em\">\n<h2 class=\"wp-block-heading\" id=\"single\" style=\"font-size:clamp(24.034px, 1.502rem + ((1vw - 3.2px) * 1.174), 40px);\"><strong>Hosting Web<\/strong> y Dominio<\/h2>\n\n\n\n<p>Hostinger<\/p>\n\n\n\n<p class=\"has-normal-font-size\" style=\"line-height:1.5\"><strong>Todo lo que necesitas para tener un sitio web profesional y funcional con solo unos clics.<\/strong> <\/p>\n\n\n\n<hr class=\"wp-block-separator has-text-color has-css-opacity has-background is-style-wide\" style=\"background-color:#000000;color:#000000\"\/>\n\n\n\n<ul class=\"has-normal-font-size wp-block-list\">\n<li>Compra tu dominio y monta tu web en s\u00f3lo unos clicks gracias al instalador autom\u00e1tico de Hostinger.<\/li>\n\n\n\n<li>Calidad en el soporte.<\/li>\n\n\n\n<li>Velocidad y seguridad web.<\/li>\n\n\n\n<li>Descuento por ser lector de DALOJI.COM<\/li>\n<\/ul>\n\n\n\n<div class=\"wp-block-buttons alignfull is-horizontal is-content-justification-center is-layout-flex wp-container-core-buttons-is-layout-03627597 wp-block-buttons-is-layout-flex\">\n<div class=\"wp-block-button has-custom-width wp-block-button__width-100\"><a class=\"wp-block-button__link has-white-color has-text-color has-background no-border-radius wp-element-button\" href=\"https:\/\/daloji.com\/es\/hoting-hostinger\" style=\"background-color:#000000\" target=\"_blank\" rel=\"noreferrer noopener\">Empieza desde 2\u20ac\/Mes<\/a><\/div>\n<\/div>\n<\/div>\n\n\n\n<div class=\"wp-block-column has-text-color has-background has-link-color wp-elements-830a48396330a37fb69085c81b757dee is-layout-flow wp-block-column-is-layout-flow\" style=\"color:#000000;background-color:#d1d1e1;padding-top:2em;padding-right:2em;padding-bottom:2em;padding-left:2em\">\n<h2 class=\"wp-block-heading\" id=\"family\" style=\"font-size:clamp(24.034px, 1.502rem + ((1vw - 3.2px) * 1.174), 40px);\"><strong>Dise\u00f1o Gr\u00e1fico<\/strong><\/h2>\n\n\n\n<p>Canva<\/p>\n\n\n\n<p class=\"has-normal-font-size\" style=\"line-height:1.5\"><strong>La manera m\u00e1s f\u00e1cil de realizar todo tipo de dise\u00f1os online.<\/strong><\/p>\n\n\n\n<hr class=\"wp-block-separator has-css-opacity is-style-wide\"\/>\n\n\n\n<ul class=\"has-normal-font-size wp-block-list\">\n<li>Soporte para los principales formatos.<\/li>\n\n\n\n<li>Dise\u00f1o f\u00e1cil, r\u00e1pido y funcional en una sola herramienta.<\/li>\n\n\n\n<li>Sin necesidad de instalar ning\u00fan programa en tu PC.<\/li>\n\n\n\n<li>Perfecto para im\u00e1genes y contenido para Redes Sociales.<\/li>\n\n\n\n<li>No necesitas un Super Ordenador, incluso puedes realizar los dise\u00f1os desde tu propio m\u00f3vil.<\/li>\n<\/ul>\n\n\n\n<div class=\"wp-block-buttons alignfull is-horizontal is-content-justification-center is-layout-flex wp-container-core-buttons-is-layout-03627597 wp-block-buttons-is-layout-flex\">\n<div class=\"wp-block-button has-custom-width wp-block-button__width-100 is-style-fill\"><a class=\"wp-block-button__link has-white-color has-text-color has-background no-border-radius wp-element-button\" href=\"https:\/\/daloji.com\/es\/canva\" style=\"background-color:#000000\" target=\"_blank\" rel=\"noreferrer noopener\">Prueba gratuita<\/a><\/div>\n<\/div>\n<\/div>\n\n\n\n<div class=\"wp-block-column has-text-color has-background has-link-color wp-elements-5065bf8eb375ebd191b0ab4b85ddba44 is-layout-flow wp-block-column-is-layout-flow\" style=\"color:#000000;background-color:#c0ebf1;padding-top:2em;padding-right:2em;padding-bottom:2em;padding-left:2em\">\n<h2 class=\"wp-block-heading\" id=\"patron\" style=\"font-size:clamp(24.034px, 1.502rem + ((1vw - 3.2px) * 1.174), 40px);\"><strong>Gestor de contenido<\/strong><\/h2>\n\n\n\n<p>WordPress<\/p>\n\n\n\n<p class=\"has-normal-font-size\" style=\"line-height:1.5\"><strong>Tu p\u00e1gina web necesitar\u00e1 un gestor de contenido (CMS), y WordPrress es el m\u00e1s utilizado del mundo. Y adem\u00e1s es GRATIS.<\/strong><\/p>\n\n\n\n<hr class=\"wp-block-separator has-css-opacity is-style-wide\"\/>\n\n\n\n<ul class=\"has-normal-font-size wp-block-list\">\n<li>El CMS con la mayor comunidad detr\u00e1s.<\/li>\n\n\n\n<li>GRATIS, nunca me caso de reperirlo.<\/li>\n\n\n\n<li>V\u00e1lido para proyectos t\u00e9cnicos y trabajo profesional como para usuarios que no \u00absaben nada de c\u00f3digo\u00bb.<\/li>\n\n\n\n<li>Instalaci\u00f3n y puesta en marcha con solo unos clicks.<\/li>\n<\/ul>\n\n\n\n<div class=\"wp-block-buttons alignfull is-horizontal is-content-justification-center is-layout-flex wp-container-core-buttons-is-layout-03627597 wp-block-buttons-is-layout-flex\">\n<div class=\"wp-block-button has-custom-width wp-block-button__width-100 is-style-fill\"><a class=\"wp-block-button__link has-white-color has-text-color has-background no-border-radius wp-element-button\" href=\"https:\/\/es.wordpress.org\/download\/\" style=\"background-color:#000000\" target=\"_blank\" rel=\"noreferrer noopener\">GRATIS<\/a><\/div>\n<\/div>\n<\/div>\n<\/div>\n\n\n\n<div class=\"wp-block-columns alignwide is-layout-flex wp-container-core-columns-is-layout-d2da2050 wp-block-columns-is-layout-flex\" style=\"margin-bottom:0\">\n<div class=\"wp-block-column has-text-color has-background has-link-color wp-elements-cf67c8ae2409e730052380f5acc97c78 is-layout-flow wp-block-column-is-layout-flow\" style=\"color:#000000;background-color:#ffe97d;padding-top:2em;padding-right:2em;padding-bottom:2em;padding-left:2em\">\n<h2 class=\"wp-block-heading\" id=\"single\" style=\"font-size:clamp(24.034px, 1.502rem + ((1vw - 3.2px) * 1.174), 40px);\">Pagos Online<\/h2>\n\n\n\n<p>Stripe<\/p>\n\n\n\n<p class=\"has-normal-font-size\" style=\"line-height:1.5\">La manera m\u00e1s simple de integrar pagos en tu web con unas comisiones reducidas. <\/p>\n\n\n\n<hr class=\"wp-block-separator has-text-color has-css-opacity has-background is-style-wide\" style=\"background-color:#000000;color:#000000\"\/>\n\n\n\n<ul class=\"has-normal-font-size wp-block-list\">\n<li>M\u00e1s de 135 divisas y m\u00e9todos de pago aceptados.<\/li>\n\n\n\n<li>Proceso de compra incrustable.<\/li>\n\n\n\n<li>Seguridad y cumplimiento de la normativa.<\/li>\n\n\n\n<li>Intagraci\u00f3n f\u00e1cil con sistemas web.<\/li>\n\n\n\n<li>Comisi\u00f3n del 1,5&nbsp;% + 0,25&nbsp;\u20ac para tarjetas UE.<\/li>\n<\/ul>\n\n\n\n<div class=\"wp-block-buttons alignfull is-horizontal is-content-justification-center is-layout-flex wp-container-core-buttons-is-layout-03627597 wp-block-buttons-is-layout-flex\">\n<div class=\"wp-block-button has-custom-width wp-block-button__width-100\"><a class=\"wp-block-button__link has-white-color has-text-color has-background no-border-radius wp-element-button\" href=\"https:\/\/stripe.com\/\" style=\"background-color:#000000\">M\u00e1s informaci\u00f3n<\/a><\/div>\n<\/div>\n<\/div>\n\n\n\n<div class=\"wp-block-column has-text-color has-background has-link-color wp-elements-b2a753c08757f51b576592d1ccc6c98f is-layout-flow wp-block-column-is-layout-flow\" style=\"color:#000000;background-color:#d1d1e1;padding-top:2em;padding-right:2em;padding-bottom:2em;padding-left:2em\">\n<h2 class=\"wp-block-heading\" id=\"family\" style=\"font-size:clamp(24.034px, 1.502rem + ((1vw - 3.2px) * 1.174), 40px);\"><strong>Newsletter<\/strong><\/h2>\n\n\n\n<p>MailerLite<\/p>\n\n\n\n<p class=\"has-normal-font-size\" style=\"line-height:1.5\"><strong>La manera m\u00e1s f\u00e1cil y r\u00e1pida de explotar el email marketing a tu favor.<\/strong><\/p>\n\n\n\n<hr class=\"wp-block-separator has-css-opacity is-style-wide\"\/>\n\n\n\n<ul class=\"has-normal-font-size wp-block-list\">\n<li>Automatizaciones b\u00e1sicas a un precio contenido.<\/li>\n\n\n\n<li>Gratis hasta 500 susciptores.<\/li>\n\n\n\n<li>Dise\u00f1o f\u00e1cil y funcional para tus emails.<\/li>\n\n\n\n<li>Formularios de suscripci\u00f3n.<\/li>\n\n\n\n<li>Adaptado a GDPR y toda la normativa actual en Europa.<\/li>\n\n\n\n<li>Gesti\u00f3n de Landing Pages propias.<\/li>\n<\/ul>\n\n\n\n<div class=\"wp-block-buttons alignfull is-horizontal is-content-justification-center is-layout-flex wp-container-core-buttons-is-layout-03627597 wp-block-buttons-is-layout-flex\">\n<div class=\"wp-block-button has-custom-width wp-block-button__width-100 is-style-fill\"><a class=\"wp-block-button__link has-white-color has-text-color has-background no-border-radius wp-element-button\" href=\"https:\/\/daloji.com\/es\/mailerlite\" style=\"background-color:#000000\" target=\"_blank\" rel=\"noreferrer noopener\">Obt\u00e9n 20$ con mi Link<\/a><\/div>\n<\/div>\n<\/div>\n\n\n\n<div class=\"wp-block-column has-text-color has-background has-link-color wp-elements-3b442476c7e8bdfc2aaa1db64b51d6e1 is-layout-flow wp-block-column-is-layout-flow\" style=\"color:#000000;background-color:#c0ebf1;padding-top:2em;padding-right:2em;padding-bottom:2em;padding-left:2em\">\n<h2 class=\"wp-block-heading\" id=\"patron\" style=\"font-size:clamp(24.034px, 1.502rem + ((1vw - 3.2px) * 1.174), 40px);\"><strong>Asistente AI<\/strong><\/h2>\n\n\n\n<p>Chat GPT<\/p>\n\n\n\n<p class=\"has-normal-font-size\" style=\"line-height:1.5\"><strong>El Asistente de Inteligencia Artificial m\u00e1s conocido y usado.<\/strong><\/p>\n\n\n\n<hr class=\"wp-block-separator has-css-opacity is-style-wide\"\/>\n\n\n\n<ul class=\"has-normal-font-size wp-block-list\">\n<li>Conversaci\u00f3n y asistencia con un lenguaje natural.<\/li>\n\n\n\n<li>Respuesta basada en datos.<\/li>\n\n\n\n<li>Asistencia educativa.<\/li>\n\n\n\n<li>Genaraci\u00f3n de texto creativo.<\/li>\n\n\n\n<li>Multi-idioma.<\/li>\n\n\n\n<li>Adaptabilidad.<\/li>\n<\/ul>\n\n\n\n<div class=\"wp-block-buttons alignfull is-horizontal is-content-justification-center is-layout-flex wp-container-core-buttons-is-layout-03627597 wp-block-buttons-is-layout-flex\">\n<div class=\"wp-block-button has-custom-width wp-block-button__width-100\"><a class=\"wp-block-button__link has-white-color has-text-color has-background no-border-radius wp-element-button\" href=\"https:\/\/chat.openai.com\/\" style=\"background-color:#000000\" target=\"_blank\" rel=\"noreferrer noopener\">GRATIS<\/a><\/div>\n<\/div>\n<\/div>\n<\/div>\n\n\n\n<div class=\"wp-block-columns alignwide is-layout-flex wp-container-core-columns-is-layout-d2da2050 wp-block-columns-is-layout-flex\" style=\"margin-bottom:0\">\n<div class=\"wp-block-column has-text-color has-background has-link-color wp-elements-feb913024ed02ef9ca2bee299a5a0d55 is-layout-flow wp-block-column-is-layout-flow\" style=\"color:#000000;background-color:#ffe97d;padding-top:2em;padding-right:2em;padding-bottom:2em;padding-left:2em\">\n<h2 class=\"wp-block-heading\" id=\"single\" style=\"font-size:clamp(24.034px, 1.502rem + ((1vw - 3.2px) * 1.174), 40px);\">VPN Seguridad Online<\/h2>\n\n\n\n<p>NordVPN<\/p>\n\n\n\n<p class=\"has-normal-font-size\" style=\"line-height:1.5\">Seguridad en tu conexi\u00f3n a internet y posibilidad de utilizar servidores en todo el mundo para servicios de straming, desarrollo y testing.<\/p>\n\n\n\n<hr class=\"wp-block-separator has-text-color has-css-opacity has-background is-style-wide\" style=\"background-color:#000000;color:#000000\"\/>\n\n\n\n<ul class=\"has-normal-font-size wp-block-list\">\n<li>Detecta malware durante la descarga.<\/li>\n\n\n\n<li>Bloquea rastreadores y anuncios intrusivos<\/li>\n\n\n\n<li>Mantente seguro online con el servicio VPN l\u00edder.<\/li>\n\n\n\n<li>Navega sin interrupciones.<\/li>\n\n\n\n<li>Multidispositivo.<\/li>\n\n\n\n<li>Navega seguro y tranquilo sin presencia de rastreadores maliciosos y publicidad.<\/li>\n<\/ul>\n\n\n\n<div class=\"wp-block-buttons alignfull is-horizontal is-content-justification-center is-layout-flex wp-container-core-buttons-is-layout-03627597 wp-block-buttons-is-layout-flex\">\n<div class=\"wp-block-button has-custom-width wp-block-button__width-100\"><a class=\"wp-block-button__link has-white-color has-text-color has-background no-border-radius wp-element-button\" href=\"https:\/\/daloji.com\/es\/nordVPN\" style=\"background-color:#000000\" target=\"_blank\" rel=\"noreferrer noopener\">65&nbsp;% de descuento en NordVPN<br>+ 3&nbsp;meses extra<\/a><\/div>\n<\/div>\n<\/div>\n\n\n\n<div class=\"wp-block-column has-text-color has-background has-link-color wp-elements-75a690ada71cc288756cd0ad87cbb321 is-layout-flow wp-block-column-is-layout-flow\" style=\"color:#000000;background-color:#d1d1e1;padding-top:2em;padding-right:2em;padding-bottom:2em;padding-left:2em\">\n<h2 class=\"wp-block-heading\" id=\"family\" style=\"font-size:clamp(24.034px, 1.502rem + ((1vw - 3.2px) * 1.174), 40px);\"><strong>Organizaci\u00f3n de Tareas<\/strong><\/h2>\n\n\n\n<p>Notion<\/p>\n\n\n\n<p class=\"has-normal-font-size\" style=\"line-height:1.5\">Gestiona tus objetivos de manera eficaz. <strong><strong>Organiza, crea, colabora: \u00a1Notion lo transforma!<\/strong><\/strong><\/p>\n\n\n\n<hr class=\"wp-block-separator has-css-opacity is-style-wide\"\/>\n\n\n\n<ul class=\"has-normal-font-size wp-block-list\">\n<li>Paneles personalizados para tus proyectos.<\/li>\n\n\n\n<li>Todo en uno: notas, tareas y bases de datos.<\/li>\n\n\n\n<li>Colabora en tiempo real con tu equipo.<\/li>\n\n\n\n<li>Historial y plantillas personalizables.<\/li>\n\n\n\n<li>Integra herramientas y apps externas f\u00e1cilmente.<\/li>\n\n\n\n<li>Accesible desde cualquier dispositivo y lugar.<\/li>\n<\/ul>\n\n\n\n<div class=\"wp-block-buttons alignfull is-horizontal is-content-justification-center is-layout-flex wp-container-core-buttons-is-layout-03627597 wp-block-buttons-is-layout-flex\">\n<div class=\"wp-block-button has-custom-width wp-block-button__width-100 is-style-fill\"><a class=\"wp-block-button__link has-white-color has-text-color has-background no-border-radius wp-element-button\" href=\"https:\/\/daloji.com\/es\/notion\" style=\"background-color:#000000\" target=\"_blank\" rel=\"noreferrer noopener\">Empieza Gratis<\/a><\/div>\n<\/div>\n<\/div>\n\n\n\n<div class=\"wp-block-column has-text-color has-background has-link-color wp-elements-1f07bf11f8b7a36c4092a5aab68d5640 is-layout-flow wp-block-column-is-layout-flow\" style=\"color:#000000;background-color:#c0ebf1;padding-top:2em;padding-right:2em;padding-bottom:2em;padding-left:2em\">\n<h2 class=\"wp-block-heading\" id=\"patron\" style=\"font-size:clamp(24.034px, 1.502rem + ((1vw - 3.2px) * 1.174), 40px);\"><strong><strong>Outsourcing<\/strong><\/strong><\/h2>\n\n\n\n<p>Fiver<\/p>\n\n\n\n<p class=\"has-normal-font-size\" style=\"line-height:1.5\"><strong>Necesitas una mano amiga para tu proyecto digital, o esa tarea que se atasca, encuentra un experto r\u00e1pido en Fiver.<\/strong><\/p>\n\n\n\n<hr class=\"wp-block-separator has-css-opacity is-style-wide\"\/>\n\n\n\n<ul class=\"has-normal-font-size wp-block-list\">\n<li>Servicios de Dise\u00f1o Web.<\/li>\n\n\n\n<li>Dise\u00f1o Gr\u00e1fico.<\/li>\n\n\n\n<li>Redes Sociales.<\/li>\n\n\n\n<li>Traducci\u00f3n.<\/li>\n\n\n\n<li>Composici\u00f3n musical.<\/li>\n\n\n\n<li>Edici\u00f3n de Video.<\/li>\n\n\n\n<li>Consultor\u00eda extrat\u00e9gica.<\/li>\n\n\n\n<li>Escritura y copys.<\/li>\n\n\n\n<li>Fotograf\u00eda.<\/li>\n\n\n\n<li>Datos.<\/li>\n\n\n\n<li>Programaci\u00f3n.<\/li>\n\n\n\n<li>Marketing Digital.<\/li>\n\n\n\n<li>SEO<\/li>\n<\/ul>\n\n\n\n<div class=\"wp-block-buttons alignfull is-horizontal is-content-justification-center is-layout-flex wp-container-core-buttons-is-layout-03627597 wp-block-buttons-is-layout-flex\">\n<div class=\"wp-block-button has-custom-width wp-block-button__width-100\"><a class=\"wp-block-button__link has-white-color has-text-color has-background no-border-radius wp-element-button\" href=\"https:\/\/daloji.com\/es\/fiverr\" style=\"background-color:#000000\" target=\"_blank\" rel=\"noreferrer noopener\">Explora todos los expertos<\/a><\/div>\n<\/div>\n<\/div>\n<\/div>\n\n\n\n<h2 class=\"wp-block-heading has-text-align-center\"><mark style=\"background-color:rgba(0, 0, 0, 0)\" class=\"has-inline-color has-primary-color\">Finanzas Personales<\/mark><\/h2>\n\n\n\n<div class=\"wp-block-columns alignwide is-layout-flex wp-container-core-columns-is-layout-d2da2050 wp-block-columns-is-layout-flex\" style=\"margin-bottom:0\">\n<div class=\"wp-block-column has-text-color has-background has-link-color wp-elements-44783a37f3de1c146a42f88125acf04c is-layout-flow wp-block-column-is-layout-flow\" style=\"color:#000000;background-color:#ffe97d;padding-top:2em;padding-right:2em;padding-bottom:2em;padding-left:2em\">\n<h2 class=\"wp-block-heading\" id=\"single\" style=\"font-size:clamp(24.034px, 1.502rem + ((1vw - 3.2px) * 1.174), 40px);\">Banco Online<\/h2>\n\n\n\n<p>Revolut<\/p>\n\n\n\n<p class=\"has-normal-font-size\" style=\"line-height:1.5\">Ideal para viajes y transacciones en el extranjero.<\/p>\n\n\n\n<hr class=\"wp-block-separator has-text-color has-css-opacity has-background is-style-wide\" style=\"background-color:#000000;color:#000000\"\/>\n\n\n\n<ul class=\"has-normal-font-size wp-block-list\">\n<li>Creaci\u00f3n de cuenta gratuita.<\/li>\n\n\n\n<li>0 comisiones y tipo de cambio competitivo.<\/li>\n\n\n\n<li>Ideal para viajes.<\/li>\n\n\n\n<li>Tarjeta virtual para compras online.<\/li>\n<\/ul>\n\n\n\n<div class=\"wp-block-buttons alignfull is-horizontal is-content-justification-center is-layout-flex wp-container-core-buttons-is-layout-03627597 wp-block-buttons-is-layout-flex\">\n<div class=\"wp-block-button has-custom-width wp-block-button__width-100\"><a class=\"wp-block-button__link has-white-color has-text-color has-background no-border-radius wp-element-button\" href=\"https:\/\/daloji.com\/es\/revolut\" style=\"background-color:#000000\" target=\"_blank\" rel=\"noreferrer noopener\">50\u20ac de Regalo<\/a><\/div>\n<\/div>\n<\/div>\n\n\n\n<div class=\"wp-block-column has-text-color has-background has-link-color wp-elements-0b6faabcd9951d4b491e98a23f8c8bff is-layout-flow wp-block-column-is-layout-flow\" style=\"color:#000000;background-color:#d1d1e1;padding-top:2em;padding-right:2em;padding-bottom:2em;padding-left:2em\">\n<h2 class=\"wp-block-heading\" id=\"family\" style=\"font-size:clamp(24.034px, 1.502rem + ((1vw - 3.2px) * 1.174), 40px);\"><strong>Plataforma Inversi\u00f3n<\/strong><\/h2>\n\n\n\n<p>MyInvestor<\/p>\n\n\n\n<p class=\"has-normal-font-size\" style=\"line-height:1.5\"><strong>La plataforma que utilizo para inversi\u00f3n en Fondos Indexados.<\/strong><\/p>\n\n\n\n<hr class=\"wp-block-separator has-css-opacity is-style-wide\"\/>\n\n\n\n<ul class=\"has-normal-font-size wp-block-list\">\n<li>Diversidad de fondos internacionales a tu alcance.<\/li>\n\n\n\n<li>Plataforma de f\u00e1cil uso y transparente.<\/li>\n\n\n\n<li>Mejores condiciones a mi parecer para invertir desde Espa\u00f1a.<\/li>\n<\/ul>\n\n\n\n<div class=\"wp-block-buttons alignfull is-horizontal is-content-justification-center is-layout-flex wp-container-core-buttons-is-layout-03627597 wp-block-buttons-is-layout-flex\">\n<div class=\"wp-block-button has-custom-width wp-block-button__width-100 is-style-fill\"><a class=\"wp-block-button__link has-white-color has-text-color has-background no-border-radius wp-element-button\" href=\"https:\/\/daloji.com\/es\/myinvestor\" style=\"background-color:#000000\" target=\"_blank\" rel=\"noreferrer noopener\">20\u20ac Regalo<\/a><\/div>\n<\/div>\n<\/div>\n\n\n\n<div class=\"wp-block-column has-text-color has-background has-link-color wp-elements-5cf3768f6c44220e4a7f8014117fb5a5 is-layout-flow wp-block-column-is-layout-flow\" style=\"color:#000000;background-color:#c0ebf1;padding-top:2em;padding-right:2em;padding-bottom:2em;padding-left:2em\">\n<h2 class=\"wp-block-heading\" id=\"patron\" style=\"font-size:clamp(24.034px, 1.502rem + ((1vw - 3.2px) * 1.174), 40px);\"><strong>Cuenta N\u00f3mina<\/strong><\/h2>\n\n\n\n<p>Bankinter<\/p>\n\n\n\n<p class=\"has-normal-font-size\"><strong>El Banco en el que yo conf\u00edo.<\/strong><\/p>\n\n\n\n<hr class=\"wp-block-separator has-css-opacity is-style-wide\"\/>\n\n\n\n<ul class=\"has-normal-font-size wp-block-list\">\n<li>Remuneraci\u00f3n 5% TAE el primer a\u00f1o, 2% el segundo. Revisar condiciones.<\/li>\n\n\n\n<li>Tarjetas de cr\u00e9dito y d\u00e9bito gratuitas.<\/li>\n\n\n\n<li>Sin comisiones en operaciones habituales.<\/li>\n\n\n\n<li>Regalo extra de 50\u20ac por registrarte con mi c\u00f3digo.<\/li>\n<\/ul>\n\n\n\n<div class=\"wp-block-buttons alignfull is-horizontal is-content-justification-center is-layout-flex wp-container-core-buttons-is-layout-03627597 wp-block-buttons-is-layout-flex\">\n<div class=\"wp-block-button has-custom-width wp-block-button__width-100\"><a class=\"wp-block-button__link has-white-color has-text-color has-background no-border-radius wp-element-button\" href=\"https:\/\/daloji.com\/es\/cuenta-nomina-bankinter\" style=\"background-color:#000000\" target=\"_blank\" rel=\"noreferrer noopener\">Regalo 50\u20ac por Abrir tu N\u00f3mina<\/a><\/div>\n<\/div>\n<\/div>\n<\/div>\n","protected":false},"excerpt":{"rendered":"<p>Herramientas de Desarrollo Digital Hosting Web y Dominio Hostinger Todo lo que necesitas para tener un sitio web profesional y funcional con solo unos clics. Dise\u00f1o Gr\u00e1fico Canva La manera m\u00e1s f\u00e1cil de realizar todo tipo de dise\u00f1os online. Gestor de contenido WordPress Tu p\u00e1gina web necesitar\u00e1 un gestor de contenido (CMS), y WordPrress es [&hellip;]<\/p>\n","protected":false},"author":1,"featured_media":0,"parent":0,"menu_order":0,"comment_status":"closed","ping_status":"closed","template":"template-no-title","meta":{"footnotes":""},"class_list":["post-13","page","type-page","status-publish","hentry"],"_links":{"self":[{"href":"https:\/\/daloji.com\/es\/wp-json\/wp\/v2\/pages\/13","targetHints":{"allow":["GET"]}}],"collection":[{"href":"https:\/\/daloji.com\/es\/wp-json\/wp\/v2\/pages"}],"about":[{"href":"https:\/\/daloji.com\/es\/wp-json\/wp\/v2\/types\/page"}],"author":[{"embeddable":true,"href":"https:\/\/daloji.com\/es\/wp-json\/wp\/v2\/users\/1"}],"replies":[{"embeddable":true,"href":"https:\/\/daloji.com\/es\/wp-json\/wp\/v2\/comments?post=13"}],"version-history":[{"count":36,"href":"https:\/\/daloji.com\/es\/wp-json\/wp\/v2\/pages\/13\/revisions"}],"predecessor-version":[{"id":391,"href":"https:\/\/daloji.com\/es\/wp-json\/wp\/v2\/pages\/13\/revisions\/391"}],"wp:attachment":[{"href":"https:\/\/daloji.com\/es\/wp-json\/wp\/v2\/media?parent=13"}],"curies":[{"name":"wp","href":"https:\/\/api.w.org\/{rel}","templated":true}]}}