{"id":11,"date":"2023-08-10T05:48:59","date_gmt":"2023-08-10T04:48:59","guid":{"rendered":"https:\/\/daloji.com\/es\/?page_id=11"},"modified":"2023-09-16T11:45:17","modified_gmt":"2023-09-16T09:45:17","slug":"coaching","status":"publish","type":"page","link":"https:\/\/daloji.com\/es\/coaching\/","title":{"rendered":"Desarrollo personal"},"content":{"rendered":"\n<div class=\"wp-block-cover alignfull has-parallax\" style=\"border-style:none;border-width:0px;padding-right:var(--wp--preset--spacing--50);padding-left:var(--wp--preset--spacing--50);min-height:500px;aspect-ratio:unset;\"><span aria-hidden=\"true\" class=\"wp-block-cover__background has-background-dim-70 has-background-dim\"><\/span><div role=\"img\" class=\"wp-block-cover__image-background has-parallax\" style=\"background-position:50% 50%;background-image:url(https:\/\/s.w.org\/images\/core\/5.8\/forest.jpg)\"><\/div><div class=\"wp-block-cover__inner-container is-layout-flow wp-block-cover-is-layout-flow\">\n<h2 class=\"wp-block-heading alignwide has-text-color\" style=\"color:#ffe074;font-size:clamp(35.2px, 2.2rem + ((1vw - 3.2px) * 2.118), 64px);\">Desata Tu Potencial con Coaching 1:1<\/h2>\n\n\n\n<div class=\"wp-block-columns is-layout-flex wp-container-core-columns-is-layout-28f84493 wp-block-columns-is-layout-flex\">\n<div class=\"wp-block-column is-layout-flow wp-block-column-is-layout-flow\" style=\"flex-basis:25%\">\n<p class=\"has-text-align-left has-extra-large-font-size\">\u00bfListo para Transformar Tu Futuro? \u00a1Reserva Ahora!<\/p>\n\n\n\n<p class=\"has-text-align-left has-text-color\" style=\"color:#ffe074;font-size:clamp(15.197px, 0.95rem + ((1vw - 3.2px) * 0.574), 23px);line-height:1.3\">Reserva tu sesi\u00f3n de coaching personalizado y alcanza tus metas mucho m\u00e1s r\u00e1pido.<\/p>\n<\/div>\n\n\n\n<div class=\"wp-block-column is-layout-flow wp-block-column-is-layout-flow\" style=\"flex-basis:66.66%\">\n<div class=\"wp-block-amelia-step-booking-gutenberg-block\">\n<script>\n  if (typeof hasAmeliaEntitiesApiCall === 'undefined' && '' === '') {\n    var hasAmeliaEntitiesApiCall = true;\n  }\n  var ameliaShortcodeData = (typeof ameliaShortcodeData === 'undefined') ? [] : ameliaShortcodeData;\n  ameliaShortcodeData.push(\n    {\n      'hasApiCall': (typeof hasAmeliaEntitiesApiCall !== 'undefined') && hasAmeliaEntitiesApiCall,\n      'trigger': '',\n      'trigger_type': '',\n      'show': '',\n      'counter': '1000',\n      'category': '',\n      'service': '3',\n      'employee': '',\n      'location': '',\n      'package': ''\n    }\n  );\n  var ameliaShortcodeDataTriggered = (typeof ameliaShortcodeDataTriggered === 'undefined') ? [] : ameliaShortcodeDataTriggered;\n  if (ameliaShortcodeData[ameliaShortcodeData.length - 1].trigger !== '') {\n    ameliaShortcodeDataTriggered.push(ameliaShortcodeData.pop());\n  }\n  if (typeof hasAmeliaEntitiesApiCall !== 'undefined' && hasAmeliaEntitiesApiCall) {\n    hasAmeliaEntitiesApiCall = false;\n  }\n<\/script>\n\n<div id=\"amelia-v2-booking-1000\"\n     class=\"amelia-v2-booking\"\n>\n  <step-form-wrapper><\/step-form-wrapper>\n<\/div>\n<\/div>\n<\/div>\n<\/div>\n<\/div><\/div>\n\n\n\n<h2 class=\"wp-block-heading alignfull has-text-align-center\">Mis \u00c1reas de Conocimiento<\/h2>\n\n\n\n<p class=\"has-heading-3-font-size\"><strong><a href=\"#marketing\" data-type=\"internal\" data-id=\"#marketing\">Marketing <\/a><\/strong><\/p>\n\n\n\n<p><a href=\"Experiencia:\"><strong>Experiencia:<\/strong><\/a><\/p>\n\n\n\n<ul class=\"wp-block-list\">\n<li>Consultor para empresas Fortune 500.<\/li>\n\n\n\n<li>Dise\u00f1o y gesti\u00f3n de campa\u00f1as automatizadas que han generado millones en facturaci\u00f3n.<\/li>\n\n\n\n<li>Academias online.<\/li>\n\n\n\n<li> Ecommerce.<\/li>\n\n\n\n<li>B2B.<\/li>\n\n\n\n<li>B2C.<\/li>\n\n\n\n<li>Colaboraciones en m\u00e1s de 50 proyectos internacionales abarcando sectores como educaci\u00f3n, tecnolog\u00eda, coaching, salud y seguros.<\/li>\n\n\n\n<li>Aumento en m\u00e1s de x500 en audiencias durante lanzamientos de productos y campa\u00f1as de reconocimiento de marca.<\/li>\n<\/ul>\n\n\n\n<p>Te puedo aportar:<\/p>\n\n\n\n<ul class=\"wp-block-list\">\n<li>\ud83d\udc68\u200d\ud83d\udcbc <strong>Marketing Automation<\/strong>: conocimiento senior tecnico-avanzado. <\/li>\n\n\n\n<li>\ud83d\udece Adaptaci\u00f3n y generaci\u00f3n de un <strong>ciclo de ventas<\/strong> adecuado en tu negocio online.<\/li>\n\n\n\n<li>\ud83d\udcb5 Gesti\u00f3n y uso de <strong>datos relevantes<\/strong> para vender de manera eficaz.<\/li>\n\n\n\n<li>\ud83d\udca1<strong> Growth Hacking:<\/strong> te ayudo a superar a tu competencia con recursos y tiempo limitados.<\/li>\n\n\n\n<li>\ud83d\udccb <strong>Hoja de ruta digital:<\/strong> ser\u00e9 gu\u00eda en este Digital World y te ayudar\u00e9 a tocar las teclas adecuadas.<\/li>\n<\/ul>\n\n\n\n<p><\/p>\n\n\n\n<p class=\"has-heading-3-font-size\"><strong>Desarrollo Personal 2.0<\/strong><\/p>\n\n\n\n<p><a href=\"Experiencia:\"><strong>Experiencia<\/strong>:<\/a><\/p>\n\n\n\n<p>Llevo 15 a\u00f1os utilizando tecnolog\u00eda en mi d\u00eda a d\u00eda para generar riqueza al mi alrededor, tanto en en mi desarrollo personal, profesional y mis relaciones.<\/p>\n\n\n\n<p><strong>\u00bfQu\u00e9 puedo ofrecerte?<\/strong><\/p>\n\n\n\n<ul class=\"wp-block-list\">\n<li>\ud83c\udf00 <strong>Stack Tecnol\u00f3gico:<\/strong> Te guiar\u00e9 en la elecci\u00f3n de las herramientas tecnol\u00f3gicas adecuadas para tus necesidades.<\/li>\n\n\n\n<li>\ud83e\udd14 <strong>Mindset Digital:<\/strong> Adopta una mentalidad de crecimiento y adaptabilidad en la era digital.<\/li>\n\n\n\n<li>\ud83d\udc68\u200d\ud83c\udfeb <strong>Entendimiento<\/strong>: te explicar\u00e9 los conceptos t\u00e9cnicos detr\u00e1s de cualquier producto o servicio tecnol\u00f3gico para que est\u00e9s preparado para su consumo (o lo descartes) de una manera f\u00e1cil.<\/li>\n\n\n\n<li>\ud83d\udc68\u200d\u2695 <strong>H\u00e1bitos Saludables:<\/strong> Incorpora rutinas que potencien tu bienestar f\u00edsico y mental en un mundo conectado.<\/li>\n\n\n\n<li>\u23f3 <strong>Productividad y Organizaci\u00f3n:<\/strong> T\u00e9cnicas y herramientas para optimizar tu tiempo y esfuerzo.<\/li>\n\n\n\n<li>\u2696 <strong>Balance entre Vida y Trabajo:<\/strong> Estrategias para mantener un equilibrio saludable en la era digital.<\/li>\n<\/ul>\n\n\n\n<div class=\"wp-block-amelia-step-booking-gutenberg-block\">\n<script>\n  if (typeof hasAmeliaEntitiesApiCall === 'undefined' && '2' === '') {\n    var hasAmeliaEntitiesApiCall = true;\n  }\n  var ameliaShortcodeData = (typeof ameliaShortcodeData === 'undefined') ? [] : ameliaShortcodeData;\n  ameliaShortcodeData.push(\n    {\n      'hasApiCall': (typeof hasAmeliaEntitiesApiCall !== 'undefined') && hasAmeliaEntitiesApiCall,\n      'trigger': '2',\n      'trigger_type': 'id',\n      'show': '',\n      'counter': '1001',\n      'category': '',\n      'service': '3',\n      'employee': '',\n      'location': '',\n      'package': ''\n    }\n  );\n  var ameliaShortcodeDataTriggered = (typeof ameliaShortcodeDataTriggered === 'undefined') ? [] : ameliaShortcodeDataTriggered;\n  if (ameliaShortcodeData[ameliaShortcodeData.length - 1].trigger !== '') {\n    ameliaShortcodeDataTriggered.push(ameliaShortcodeData.pop());\n  }\n  if (typeof hasAmeliaEntitiesApiCall !== 'undefined' && hasAmeliaEntitiesApiCall) {\n    hasAmeliaEntitiesApiCall = false;\n  }\n<\/script>\n\n<div id=\"amelia-v2-booking-1001\"\n     class=\"amelia-v2-booking amelia-skip-load amelia-skip-load-1001\"\n>\n  <step-form-wrapper><\/step-form-wrapper>\n<\/div>\n<\/div>\n\n\n\n<div class=\"wp-block-buttons is-content-justification-center is-layout-flex wp-container-core-buttons-is-layout-a89b3969 wp-block-buttons-is-layout-flex\"><\/div>\n\n\n\n<div class=\"wp-block-buttons is-content-justification-center is-layout-flex wp-container-core-buttons-is-layout-a89b3969 wp-block-buttons-is-layout-flex\">\n<div class=\"wp-block-button has-custom-width wp-block-button__width-50 2\" id=\"2\"><a class=\"wp-block-button__link has-foreground-color has-text-color has-text-align-center wp-element-button\" rel=\"2\">\ud83e\udd1d Reserva tu sesi\u00f3n \ud83e\udd1d<\/a><\/div>\n<\/div>\n","protected":false},"excerpt":{"rendered":"<p>Mis \u00c1reas de Conocimiento Marketing Experiencia: Te puedo aportar: Desarrollo Personal 2.0 Experiencia: Llevo 15 a\u00f1os utilizando tecnolog\u00eda en mi d\u00eda a d\u00eda para generar riqueza al mi alrededor, tanto en en mi desarrollo personal, profesional y mis relaciones. \u00bfQu\u00e9 puedo ofrecerte?<\/p>\n","protected":false},"author":1,"featured_media":0,"parent":0,"menu_order":0,"comment_status":"closed","ping_status":"closed","template":"template-no-title","meta":{"footnotes":""},"class_list":["post-11","page","type-page","status-publish","hentry"],"_links":{"self":[{"href":"https:\/\/daloji.com\/es\/wp-json\/wp\/v2\/pages\/11","targetHints":{"allow":["GET"]}}],"collection":[{"href":"https:\/\/daloji.com\/es\/wp-json\/wp\/v2\/pages"}],"about":[{"href":"https:\/\/daloji.com\/es\/wp-json\/wp\/v2\/types\/page"}],"author":[{"embeddable":true,"href":"https:\/\/daloji.com\/es\/wp-json\/wp\/v2\/users\/1"}],"replies":[{"embeddable":true,"href":"https:\/\/daloji.com\/es\/wp-json\/wp\/v2\/comments?post=11"}],"version-history":[{"count":82,"href":"https:\/\/daloji.com\/es\/wp-json\/wp\/v2\/pages\/11\/revisions"}],"predecessor-version":[{"id":407,"href":"https:\/\/daloji.com\/es\/wp-json\/wp\/v2\/pages\/11\/revisions\/407"}],"wp:attachment":[{"href":"https:\/\/daloji.com\/es\/wp-json\/wp\/v2\/media?parent=11"}],"curies":[{"name":"wp","href":"https:\/\/api.w.org\/{rel}","templated":true}]}}